{"id":8074,"date":"2022-06-24T00:37:12","date_gmt":"2022-06-24T00:37:12","guid":{"rendered":"https:\/\/wwwcenmncl.com\/?page_id=8074"},"modified":"2025-11-10T14:33:19","modified_gmt":"2025-11-10T14:33:19","slug":"camarin-norte","status":"publish","type":"page","link":"https:\/\/www.memoriaestadionacional.cl\/en\/camarin-norte\/","title":{"rendered":"Camar\u00edn de Mujeres"},"content":{"rendered":"<div class=\"wpb-content-wrapper\"><div class=\"vc-row-container vc-row-container--stretch-content-no-spaces\"><div data-vc-full-width=\"true\"  data-vc-full-width-init=\"false\" data-vc-stretch-content=\"true\" class=\"vc_row wpb_row vc_row-fluid vc_row-no-padding\"><div class=\"wpb_column vc_column_container vc_col-sm-12\"><div class=\"vc_column-inner\"><div class=\"wpb_wrapper\">\n\t\t\t<!-- START Camarin de mujeres REVOLUTION SLIDER 6.7.41 --><p class=\"rs-p-wp-fix\"><\/p>\n\t\t\t<rs-module-wrap id=\"rev_slider_4_1_wrapper\" data-source=\"gallery\" style=\"visibility:hidden;background:transparent;padding:0;margin:0px auto;margin-top:0;margin-bottom:0;\">\n\t\t\t\t<rs-module id=\"rev_slider_4_1\" style=\"\" data-version=\"6.7.41\">\n\t\t\t\t\t<rs-slides style=\"overflow: hidden; position: absolute;\">\n\t\t\t\t\t\t<rs-slide style=\"position: absolute;\" data-key=\"rs-4\" data-title=\"Slide\" data-in=\"o:0;\" data-out=\"a:false;\">\n\t\t\t\t\t\t\t<img decoding=\"async\" src=\"\/\/www.memoriaestadionacional.cl\/wp-content\/plugins\/revslider\/sr6\/assets\/assets\/dummy.png\" alt=\"\" title=\"Camar\u00edn de mujeres\" width=\"2560\" height=\"1441\" class=\"rev-slidebg tp-rs-img rs-lazyload\" data-lazyload=\"\/\/www.memoriaestadionacional.cl\/wp-content\/uploads\/2022\/11\/Camarin-de-mujeres-scaled.jpg\" data-no-retina>\n<!--\n\t\t\t\t\t\t\t--><rs-layer\n\t\t\t\t\t\t\t\tid=\"slider-4-slide-4-layer-0\" \n\t\t\t\t\t\t\t\tclass=\"rs-layer-audio\"\n\t\t\t\t\t\t\t\tdata-type=\"audio\"\n\t\t\t\t\t\t\t\tdata-rsp_ch=\"on\"\n\t\t\t\t\t\t\t\tdata-xy=\"x:c;y:m;yo:200px,200px,200px,136px;\"\n\t\t\t\t\t\t\t\tdata-text=\"w:normal;s:20,20,20,7;l:0,0,0,9;\"\n\t\t\t\t\t\t\t\tdata-dim=\"w:350,350,350,315px;h:54,54,54,56px;\"\n\t\t\t\t\t\t\t\tdata-video=\"w:350,350,350,315px;h:54,54,54,56px;p:auto;ap:false;vc:true;nse:false;l:false;vd:100;ptimer:true;\"\n\t\t\t\t\t\t\t\tdata-mp4=\"\/\/www.memoriaestadionacional.cl\/wp-content\/uploads\/2025\/11\/Camarin-de-mujeres-enhanced.wav\"\n\t\t\t\t\t\t\t\tdata-frame_999=\"o:0;st:w;\"\n\t\t\t\t\t\t\t\tstyle=\"z-index:11;\"\n\t\t\t\t\t\t\t> \n\t\t\t\t\t\t\t<\/rs-layer><!--\n\n\t\t\t\t\t\t\t--><rs-layer\n\t\t\t\t\t\t\t\tid=\"slider-4-slide-4-layer-1\" \n\t\t\t\t\t\t\t\tdata-type=\"text\"\n\t\t\t\t\t\t\t\tdata-color=\"#fff\"\n\t\t\t\t\t\t\t\tdata-rsp_ch=\"on\"\n\t\t\t\t\t\t\t\tdata-xy=\"x:c;xo:45px,45px,45px,28px;y:m;yo:98px,98px,98px,70px;\"\n\t\t\t\t\t\t\t\tdata-text=\"w:normal;s:30,30,30,25;l:40,40,40,35;ls:1px,1px,1px,0px;fw:700;\"\n\t\t\t\t\t\t\t\tdata-dim=\"minh:0px,0px,0px,none;\"\n\t\t\t\t\t\t\t\tdata-frame_999=\"o:0;st:w;\"\n\t\t\t\t\t\t\t\tstyle=\"z-index:10;font-family:'Roboto';text-transform:uppercase;\"\n\t\t\t\t\t\t\t><div style=\"letter-spacing: 1px;\">AUDIOGU\u00cdA<\/div> \n\t\t\t\t\t\t\t<\/rs-layer><!--\n\n\t\t\t\t\t\t\t--><rs-layer\n\t\t\t\t\t\t\t\tid=\"slider-4-slide-4-layer-2\" \n\t\t\t\t\t\t\t\tdata-type=\"image\"\n\t\t\t\t\t\t\t\tdata-rsp_ch=\"on\"\n\t\t\t\t\t\t\t\tdata-xy=\"xo:506px,506px,506px,147px;yo:471px,471px,471px,295px;\"\n\t\t\t\t\t\t\t\tdata-text=\"w:normal;s:20,20,20,7;l:0,0,0,9;\"\n\t\t\t\t\t\t\t\tdata-dim=\"w:50px,50px,50px,30px;h:50px,50px,50px,30px;\"\n\t\t\t\t\t\t\t\tdata-frame_999=\"o:0;st:w;\"\n\t\t\t\t\t\t\t\tstyle=\"z-index:12;\"\n\t\t\t\t\t\t\t><img decoding=\"async\" src=\"\/\/www.memoriaestadionacional.cl\/wp-content\/plugins\/revslider\/sr6\/assets\/assets\/dummy.png\" alt=\"\" class=\"tp-rs-img rs-lazyload\" width=\"200\" height=\"200\" data-lazyload=\"\/\/www.memoriaestadionacional.cl\/wp-content\/uploads\/2025\/10\/audio.png\" data-no-retina> \n\t\t\t\t\t\t\t<\/rs-layer><!--\n\n\t\t\t\t\t\t\t--><rs-layer\n\t\t\t\t\t\t\t\tid=\"slider-4-slide-4-layer-3\" \n\t\t\t\t\t\t\t\tdata-type=\"text\"\n\t\t\t\t\t\t\t\tdata-color=\"#fff\"\n\t\t\t\t\t\t\t\tdata-rsp_ch=\"on\"\n\t\t\t\t\t\t\t\tdata-xy=\"x:c;y:m;yo:-120px,-120px,-120px,-80px;\"\n\t\t\t\t\t\t\t\tdata-text=\"w:normal;s:50,50,50,32;l:60,60,60,36;ls:1px,1px,1px,0px;fw:500;a:left,left,left,center;\"\n\t\t\t\t\t\t\t\tdata-dim=\"minh:0px,0px,0px,none;\"\n\t\t\t\t\t\t\t\tdata-frame_999=\"o:0;st:w;\"\n\t\t\t\t\t\t\t\tstyle=\"z-index:7;font-family:'Roboto';text-transform:uppercase;\"\n\t\t\t\t\t\t\t>Camar\u00edn de mujeres \n\t\t\t\t\t\t\t<\/rs-layer><!--\n\n\t\t\t\t\t\t\t--><rs-layer\n\t\t\t\t\t\t\t\tid=\"slider-4-slide-4-layer-4\" \n\t\t\t\t\t\t\t\tdata-type=\"text\"\n\t\t\t\t\t\t\t\tdata-color=\"#fff\"\n\t\t\t\t\t\t\t\tdata-rsp_ch=\"on\"\n\t\t\t\t\t\t\t\tdata-xy=\"x:c;y:m;yo:-200px,-200px,-200px,-150px;\"\n\t\t\t\t\t\t\t\tdata-text=\"w:normal;s:25,25,25,18;l:35,35,35,22;ls:1px,1px,1px,0px;fw:700;a:left,left,left,center;\"\n\t\t\t\t\t\t\t\tdata-dim=\"minh:0px,0px,0px,none;\"\n\t\t\t\t\t\t\t\tdata-frame_999=\"o:0;st:w;\"\n\t\t\t\t\t\t\t\tstyle=\"z-index:9;font-family:'Roboto';text-transform:uppercase;\"\n\t\t\t\t\t\t\t><div style=\"letter-spacing: 1px;\"><span style=\"color: #ffab00; font-size: 18px;\">[<\/span>SITIOS DE MEMORIA<span style=\"color: #ffab00; font-size: 18px;\">]<\/span<br \/>\n<\/div> \n\t\t\t\t\t\t\t<\/rs-layer><!--\n\n\t\t\t\t\t\t\t--><rs-layer\n\t\t\t\t\t\t\t\tid=\"slider-4-slide-4-layer-5\" \n\t\t\t\t\t\t\t\tdata-type=\"shape\"\n\t\t\t\t\t\t\t\tdata-rsp_ch=\"on\"\n\t\t\t\t\t\t\t\tdata-xy=\"x:c;y:m;yo:-170px,-170px,-170px,-120px;\"\n\t\t\t\t\t\t\t\tdata-text=\"w:normal;s:20,20,20,7;l:0,0,0,9;\"\n\t\t\t\t\t\t\t\tdata-dim=\"w:180px,180px,180px,69px;h:5px,5px,5px,1px;\"\n\t\t\t\t\t\t\t\tdata-frame_999=\"o:0;st:w;\"\n\t\t\t\t\t\t\t\tstyle=\"z-index:8;background-color:#ffab00;\"\n\t\t\t\t\t\t\t> \n\t\t\t\t\t\t\t<\/rs-layer><!--\n\n\t\t\t\t\t\t\t--><rs-layer\n\t\t\t\t\t\t\t\tid=\"slider-4-slide-4-layer-6\" \n\t\t\t\t\t\t\t\tdata-type=\"shape\"\n\t\t\t\t\t\t\t\tdata-rsp_ch=\"on\"\n\t\t\t\t\t\t\t\tdata-text=\"w:normal;s:20,20,20,7;l:0,0,0,9;\"\n\t\t\t\t\t\t\t\tdata-dim=\"w:100%;h:100%;\"\n\t\t\t\t\t\t\t\tdata-basealign=\"slide\"\n\t\t\t\t\t\t\t\tdata-frame_999=\"o:0;st:w;\"\n\t\t\t\t\t\t\t\tstyle=\"z-index:6;background-color:rgba(0,0,0,0.5);\"\n\t\t\t\t\t\t\t> \n\t\t\t\t\t\t\t<\/rs-layer><!--\n-->\t\t\t\t\t<\/rs-slide>\n\t\t\t\t\t<\/rs-slides>\n\t\t\t\t<\/rs-module>\n\t\t\t\t<script>\n\t\t\t\t\tsetREVStartSize({c: 'rev_slider_4_1',rl:[1240,1240,1240,480],el:[800,800,800,480],gw:[1240,1240,1240,480],gh:[800,800,800,480],type:'hero',justify:'',layout:'fullwidth',mh:\"0\"});if (window.RS_MODULES!==undefined && window.RS_MODULES.modules!==undefined && window.RS_MODULES.modules[\"revslider41\"]!==undefined) {window.RS_MODULES.modules[\"revslider41\"].once = false;window.revapi4 = undefined;if (window.RS_MODULES.checkMinimal!==undefined) window.RS_MODULES.checkMinimal()}\n\t\t\t\t<\/script>\n\t\t\t<\/rs-module-wrap>\n\t\t\t<!-- END REVOLUTION SLIDER -->\n<\/div><\/div><\/div><\/div><\/div><div class=\"vc-row-container container\"><div class=\"vc_row wpb_row vc_row-fluid\"><div class=\"wpb_column vc_column_container vc_col-sm-12\"><div class=\"vc_column-inner\"><div class=\"wpb_wrapper\"><div class=\"vc_empty_space\"   style=\"height: 100px\"><span class=\"vc_empty_space_inner\"><\/span><\/div><\/div><\/div><\/div><\/div><\/div><div class=\"vc-row-container container\"><div class=\"vc_row wpb_row vc_row-fluid\"><div class=\"wpb_column vc_column_container vc_col-sm-12\"><div class=\"vc_column-inner\"><div class=\"wpb_wrapper\">\n\t<div class=\"wpb_text_column wpb_content_element\" >\n\t\t<div class=\"wpb_wrapper\">\n\t\t\t<p>Entre los detenidos del Estadio Nacional hubo tambi\u00e9n mujeres. Trabajadoras, estudiantes, due\u00f1as de casa, mujeres de distintas edades y clases sociales<\/p>\n<p>Las prisioneras fueron recluidas primero en los camarines del coliseo central, pero el 26 de septiembre de 1973 fueron trasladadas al sector de la piscina. Hab\u00eda dos camarines, el sur y el norte, y ambos fueron utilizados para mantener a las detenidas, chilenas y extranjeras. A diferencia de lo que ocurr\u00eda con los hombres, las mujeres pudieron contar con un colch\u00f3n para dormir en el suelo y ten\u00edan mejor acceso a duchas, ubicadas en el subterr\u00e1neo. Para dormir juntaban las colchonetas y lo hac\u00edan pr\u00e1cticamente en filas para abrigarse.<\/p>\n<p>Seg\u00fan la versi\u00f3n del ex director de la DINA, Manuel Contreras, en el Estadio Nacional fueron detenidas 509 mujeres: 445 chilenas y 64 extranjeras, principalmente brasile\u00f1as, uruguayas, bolivianas y argentinas.<\/p>\n<p>Sin embargo, seg\u00fan datos que se han recogido de testimonios de ex prisioneras del estadio, la cantidad de recluidas pol\u00edticas habr\u00eda llegado a las 1.200, incluyendo a chilenas y extranjeras. Algunas de las mujeres ten\u00edan a sus parejas o maridos tambi\u00e9n detenidos en el estadio.<\/p>\n<p>Durante el d\u00eda, mientras los hombres eran dejados en las grader\u00edas, las mujeres quedaban en la piscina. Desde ah\u00ed pod\u00edan ver la entrada de ingreso de avenida Grecia, donde sus familiares estaban todos los d\u00edas con la esperanza de verlas, tener contacto con ellas, o pasarles ropa o alimentos a trav\u00e9s de militares.<\/p>\n<p>Tal como muchas de ellas han podido relatar, el estadio resignificado como centro de detenci\u00f3n y tortura, fue tambi\u00e9n un espacio de resistencias colectivas ante el dolor, lo que les permiti\u00f3 continuar con sus vidas incluso despu\u00e9s del confinamiento.<\/p>\n\n\t\t<\/div>\n\t<\/div>\n<\/div><\/div><\/div><\/div><\/div><div class=\"vc-row-container container\"><div class=\"vc_row wpb_row vc_row-fluid\"><div class=\"wpb_column vc_column_container vc_col-sm-12\"><div class=\"vc_column-inner\"><div class=\"wpb_wrapper\"><div class=\"vc_empty_space\"   style=\"height: 50px\"><span class=\"vc_empty_space_inner\"><\/span><\/div><\/div><\/div><\/div><\/div><\/div><div class=\"vc-row-container container\"><div class=\"vc_row wpb_row vc_row-fluid\"><div class=\"wpb_column vc_column_container vc_col-sm-12\"><div class=\"vc_column-inner\"><div class=\"wpb_wrapper\">\n\t<div class=\"wpb_text_column wpb_content_element\" >\n\t\t<div class=\"wpb_wrapper\">\n\t\t\t<p><span style=\"color: #808080;\"><em>Among the detainees at the National Stadium were also women. Workers, students, housewives; women of different ages and social classes.<\/em><\/span><\/p>\n<p><span style=\"color: #808080;\"><em>The female prisoners were first confined in the dressing rooms of the central coliseum, but on September 26 they were transferred to the pool area. There were two dressing rooms, south and north, and both were used to hold the detainees, Chileans and foreigners. Unlike what happened with men, women were provided with a mattress to sleep on the floor and had better access to showers, located in the basement. To sleep, they would join the mattresses and sleep practically in rows to keep warm.<\/em><\/span><\/p>\n<p><span style=\"color: #808080;\"><em>According to the former director of DINA (Pinochet\u2019s secret police), Manuel Contreras, 509 women were detained at the National Stadium: 445 Chileans and 64 foreigners, mainly Brazilians, Uruguayans, Bolivians, and Argentinians. However, the most realistic estimates from the detainees themselves approached\u00a0 political detainees would have reached 1,200, including Chileans and foreigners.<\/em><\/span><\/p>\n<p><span style=\"color: #808080;\"><em>Some of the women had their partners or husbands also detained in the stadium. During the day, while men were left in the bleachers, women stayed in the pool area. From there, they could see the entrance on Grecia Avenue, where their families were every day with the hope of seeing them, having contact with them, or passing things to them through military personnel.\u00a0<\/em><\/span><\/p>\n<p><span style=\"color: #808080;\"><em>The treatment, abuse, and torture of detainees were likely worse simply because they were women. The female prisoners faced constant harassment from military and police officers, often with a sexual connotation.<\/em><\/span><\/p>\n<p><span style=\"color: #808080;\"><em>Despite violence, as many of them have been able to relate, the stadium, redefined as a detention and torture center, was also a space for collective resistance against pain, which allowed them to continue with their lives even after confinement.<\/em><\/span><\/p>\n\n\t\t<\/div>\n\t<\/div>\n<\/div><\/div><\/div><\/div><\/div><div class=\"vc-row-container container\"><div class=\"vc_row wpb_row vc_row-fluid\"><div class=\"wpb_column vc_column_container vc_col-sm-12\"><div class=\"vc_column-inner\"><div class=\"wpb_wrapper\"><div class=\"vc_empty_space\"   style=\"height: 50px\"><span class=\"vc_empty_space_inner\"><\/span><\/div><div class=\"vc_btn3-container vc_btn3-center vc_do_btn\" ><a style=\"background-color:#ffab00; color:#ffffff;\" class=\"vc_general vc_btn3 vc_btn3-size-md vc_btn3-shape-square vc_btn3-style-custom\" href=\"https:\/\/www.memoriaestadionacional.cl\/sitios\/\" title=\"\">VOLVER<\/a><\/div><div class=\"vc_empty_space\"   style=\"height: 50px\"><span class=\"vc_empty_space_inner\"><\/span><\/div><\/div><\/div><\/div><\/div><\/div>\n<\/div>","protected":false},"excerpt":{"rendered":"AUDIOGU\u00cdA Camar\u00edn de mujeres [SITIOS DE MEMORIA]","protected":false},"author":1,"featured_media":0,"parent":0,"menu_order":0,"comment_status":"closed","ping_status":"closed","template":"","meta":{"_acf_changed":false,"footnotes":""},"class_list":["post-8074","page","type-page","status-publish","hentry"],"acf":[],"aioseo_notices":[],"_links":{"self":[{"href":"https:\/\/www.memoriaestadionacional.cl\/en\/wp-json\/wp\/v2\/pages\/8074","targetHints":{"allow":["GET"]}}],"collection":[{"href":"https:\/\/www.memoriaestadionacional.cl\/en\/wp-json\/wp\/v2\/pages"}],"about":[{"href":"https:\/\/www.memoriaestadionacional.cl\/en\/wp-json\/wp\/v2\/types\/page"}],"author":[{"embeddable":true,"href":"https:\/\/www.memoriaestadionacional.cl\/en\/wp-json\/wp\/v2\/users\/1"}],"replies":[{"embeddable":true,"href":"https:\/\/www.memoriaestadionacional.cl\/en\/wp-json\/wp\/v2\/comments?post=8074"}],"version-history":[{"count":2,"href":"https:\/\/www.memoriaestadionacional.cl\/en\/wp-json\/wp\/v2\/pages\/8074\/revisions"}],"predecessor-version":[{"id":16076,"href":"https:\/\/www.memoriaestadionacional.cl\/en\/wp-json\/wp\/v2\/pages\/8074\/revisions\/16076"}],"wp:attachment":[{"href":"https:\/\/www.memoriaestadionacional.cl\/en\/wp-json\/wp\/v2\/media?parent=8074"}],"curies":[{"name":"wp","href":"https:\/\/api.w.org\/{rel}","templated":true}]}}