{"id":8047,"date":"2022-06-24T00:25:22","date_gmt":"2022-06-24T00:25:22","guid":{"rendered":"https:\/\/wwwcenmncl.com\/?page_id=8047"},"modified":"2025-01-09T21:23:37","modified_gmt":"2025-01-09T21:23:37","slug":"pasillo-y-camarines","status":"publish","type":"page","link":"https:\/\/www.memoriaestadionacional.cl\/en\/pasillo-y-camarines\/","title":{"rendered":"Pasillo y Camarines"},"content":{"rendered":"<div class=\"wpb-content-wrapper\"><div class=\"vc-row-container vc-row-container--stretch-content-no-spaces\"><div data-vc-full-width=\"true\"  data-vc-full-width-init=\"false\" data-vc-stretch-content=\"true\" class=\"vc_row wpb_row vc_row-fluid vc_row-no-padding\"><div class=\"wpb_column vc_column_container vc_col-sm-12\"><div class=\"vc_column-inner\"><div class=\"wpb_wrapper\">\n\t\t\t<!-- START Pasillo y Camarines REVOLUTION SLIDER 6.7.41 --><p class=\"rs-p-wp-fix\"><\/p>\n\t\t\t<rs-module-wrap id=\"rev_slider_9_1_wrapper\" data-source=\"gallery\" style=\"visibility:hidden;background:transparent;padding:0;margin:0px auto;margin-top:0;margin-bottom:0;\">\n\t\t\t\t<rs-module id=\"rev_slider_9_1\" style=\"\" data-version=\"6.7.41\">\n\t\t\t\t\t<rs-slides style=\"overflow: hidden; position: absolute;\">\n\t\t\t\t\t\t<rs-slide style=\"position: absolute;\" data-key=\"rs-9\" data-title=\"Slide\" data-thumb=\"\/\/www.memoriaestadionacional.cl\/wp-content\/uploads\/2022\/11\/Pasillo-bajo-andes_-50x100.png\" data-in=\"o:0;\" data-out=\"a:false;\">\n\t\t\t\t\t\t\t<img decoding=\"async\" src=\"\/\/www.memoriaestadionacional.cl\/wp-content\/plugins\/revslider\/sr6\/assets\/assets\/dummy.png\" alt=\"\" title=\"Pasillo bajo andes_\" width=\"2688\" height=\"1506\" class=\"rev-slidebg tp-rs-img rs-lazyload\" data-lazyload=\"\/\/www.memoriaestadionacional.cl\/wp-content\/uploads\/2022\/11\/Pasillo-bajo-andes_.png\" data-no-retina>\n<!--\n\t\t\t\t\t\t\t--><rs-layer\n\t\t\t\t\t\t\t\tid=\"slider-9-slide-9-layer-0\" \n\t\t\t\t\t\t\t\tclass=\"rs-layer-audio\"\n\t\t\t\t\t\t\t\tdata-type=\"audio\"\n\t\t\t\t\t\t\t\tdata-rsp_ch=\"on\"\n\t\t\t\t\t\t\t\tdata-xy=\"x:c;y:m;yo:200px,200px,200px,136px;\"\n\t\t\t\t\t\t\t\tdata-text=\"w:normal;s:20,20,20,7;l:0,0,0,9;\"\n\t\t\t\t\t\t\t\tdata-dim=\"w:350,350,350,315px;h:54,54,54,56px;\"\n\t\t\t\t\t\t\t\tdata-video=\"w:350,350,350,315px;h:54,54,54,56px;p:auto;ap:false;vc:true;nse:false;l:false;vd:100;ptimer:true;\"\n\t\t\t\t\t\t\t\tdata-mp4=\"\/\/www.memoriaestadionacional.cl\/wp-content\/uploads\/2025\/11\/Corredores-enhanced.wav\"\n\t\t\t\t\t\t\t\tdata-frame_999=\"o:0;st:w;\"\n\t\t\t\t\t\t\t\tstyle=\"z-index:11;\"\n\t\t\t\t\t\t\t> \n\t\t\t\t\t\t\t<\/rs-layer><!--\n\n\t\t\t\t\t\t\t--><rs-layer\n\t\t\t\t\t\t\t\tid=\"slider-9-slide-9-layer-1\" \n\t\t\t\t\t\t\t\tdata-type=\"text\"\n\t\t\t\t\t\t\t\tdata-color=\"#fff\"\n\t\t\t\t\t\t\t\tdata-rsp_ch=\"on\"\n\t\t\t\t\t\t\t\tdata-xy=\"x:c;xo:45px,45px,45px,28px;y:m;yo:98px,98px,98px,70px;\"\n\t\t\t\t\t\t\t\tdata-text=\"w:normal;s:30,30,30,25;l:40,40,40,35;ls:1px,1px,1px,0px;fw:700;\"\n\t\t\t\t\t\t\t\tdata-dim=\"minh:0px,0px,0px,none;\"\n\t\t\t\t\t\t\t\tdata-frame_999=\"o:0;st:w;\"\n\t\t\t\t\t\t\t\tstyle=\"z-index:10;font-family:'Roboto';text-transform:uppercase;\"\n\t\t\t\t\t\t\t><div style=\"letter-spacing: 1px;\">AUDIOGU\u00cdA<\/div> \n\t\t\t\t\t\t\t<\/rs-layer><!--\n\n\t\t\t\t\t\t\t--><rs-layer\n\t\t\t\t\t\t\t\tid=\"slider-9-slide-9-layer-2\" \n\t\t\t\t\t\t\t\tdata-type=\"image\"\n\t\t\t\t\t\t\t\tdata-rsp_ch=\"on\"\n\t\t\t\t\t\t\t\tdata-xy=\"xo:506px,506px,506px,147px;yo:471px,471px,471px,295px;\"\n\t\t\t\t\t\t\t\tdata-text=\"w:normal;s:20,20,20,7;l:0,0,0,9;\"\n\t\t\t\t\t\t\t\tdata-dim=\"w:50px,50px,50px,30px;h:50px,50px,50px,30px;\"\n\t\t\t\t\t\t\t\tdata-frame_999=\"o:0;st:w;\"\n\t\t\t\t\t\t\t\tstyle=\"z-index:12;\"\n\t\t\t\t\t\t\t><img decoding=\"async\" src=\"\/\/www.memoriaestadionacional.cl\/wp-content\/plugins\/revslider\/sr6\/assets\/assets\/dummy.png\" alt=\"\" class=\"tp-rs-img rs-lazyload\" width=\"200\" height=\"200\" data-lazyload=\"\/\/www.memoriaestadionacional.cl\/wp-content\/uploads\/2025\/10\/audio.png\" data-no-retina> \n\t\t\t\t\t\t\t<\/rs-layer><!--\n\n\t\t\t\t\t\t\t--><rs-layer\n\t\t\t\t\t\t\t\tid=\"slider-9-slide-9-layer-3\" \n\t\t\t\t\t\t\t\tdata-type=\"text\"\n\t\t\t\t\t\t\t\tdata-color=\"#fff\"\n\t\t\t\t\t\t\t\tdata-rsp_ch=\"on\"\n\t\t\t\t\t\t\t\tdata-xy=\"x:c;y:m;yo:-120px,-120px,-120px,-80px;\"\n\t\t\t\t\t\t\t\tdata-text=\"w:normal;s:50,50,50,32;l:60,60,60,36;ls:1px,1px,1px,0px;fw:500;\"\n\t\t\t\t\t\t\t\tdata-dim=\"minh:0px,0px,0px,none;\"\n\t\t\t\t\t\t\t\tdata-frame_999=\"o:0;st:w;\"\n\t\t\t\t\t\t\t\tstyle=\"z-index:7;font-family:'Roboto';text-transform:uppercase;\"\n\t\t\t\t\t\t\t>Pasillo y Camarines \n\t\t\t\t\t\t\t<\/rs-layer><!--\n\n\t\t\t\t\t\t\t--><rs-layer\n\t\t\t\t\t\t\t\tid=\"slider-9-slide-9-layer-4\" \n\t\t\t\t\t\t\t\tdata-type=\"text\"\n\t\t\t\t\t\t\t\tdata-color=\"#fff\"\n\t\t\t\t\t\t\t\tdata-rsp_ch=\"on\"\n\t\t\t\t\t\t\t\tdata-xy=\"x:c;y:m;yo:-200px,-200px,-200px,-150px;\"\n\t\t\t\t\t\t\t\tdata-text=\"w:normal;s:25,25,25,18;l:35,35,35,22;ls:1px,1px,1px,0px;fw:700;\"\n\t\t\t\t\t\t\t\tdata-dim=\"minh:0px,0px,0px,none;\"\n\t\t\t\t\t\t\t\tdata-frame_999=\"o:0;st:w;\"\n\t\t\t\t\t\t\t\tstyle=\"z-index:9;font-family:'Roboto';text-transform:uppercase;\"\n\t\t\t\t\t\t\t><div style=\"letter-spacing: 1px;\"><span style=\"color: #ffab00; font-size: 18px;\">[<\/span>SITIOS DE MEMORIA<span style=\"color: #ffab00; font-size: 18px;\">]<\/span<br \/>\n<\/div> \n\t\t\t\t\t\t\t<\/rs-layer><!--\n\n\t\t\t\t\t\t\t--><rs-layer\n\t\t\t\t\t\t\t\tid=\"slider-9-slide-9-layer-5\" \n\t\t\t\t\t\t\t\tdata-type=\"shape\"\n\t\t\t\t\t\t\t\tdata-rsp_ch=\"on\"\n\t\t\t\t\t\t\t\tdata-xy=\"x:c;y:m;yo:-170px,-170px,-170px,-120px;\"\n\t\t\t\t\t\t\t\tdata-text=\"w:normal;s:20,20,20,7;l:0,0,0,9;\"\n\t\t\t\t\t\t\t\tdata-dim=\"w:180px,180px,180px,69px;h:5px,5px,5px,1px;\"\n\t\t\t\t\t\t\t\tdata-frame_999=\"o:0;st:w;\"\n\t\t\t\t\t\t\t\tstyle=\"z-index:8;background-color:#ffab00;\"\n\t\t\t\t\t\t\t> \n\t\t\t\t\t\t\t<\/rs-layer><!--\n\n\t\t\t\t\t\t\t--><rs-layer\n\t\t\t\t\t\t\t\tid=\"slider-9-slide-9-layer-6\" \n\t\t\t\t\t\t\t\tdata-type=\"shape\"\n\t\t\t\t\t\t\t\tdata-rsp_ch=\"on\"\n\t\t\t\t\t\t\t\tdata-text=\"w:normal;s:20,20,20,7;l:0,0,0,9;\"\n\t\t\t\t\t\t\t\tdata-dim=\"w:100%;h:100%;\"\n\t\t\t\t\t\t\t\tdata-basealign=\"slide\"\n\t\t\t\t\t\t\t\tdata-frame_999=\"o:0;st:w;\"\n\t\t\t\t\t\t\t\tstyle=\"z-index:6;background-color:rgba(0,0,0,0.5);\"\n\t\t\t\t\t\t\t> \n\t\t\t\t\t\t\t<\/rs-layer><!--\n-->\t\t\t\t\t<\/rs-slide>\n\t\t\t\t\t\t<rs-slide style=\"position: absolute;\" data-key=\"rs-10\" data-title=\"Slide\" data-thumb=\"\/\/www.memoriaestadionacional.cl\/wp-content\/uploads\/2022\/11\/Camarin-3-scaled-50x100.jpg\" data-in=\"o:0;\" data-out=\"a:false;\">\n\t\t\t\t\t\t\t<img decoding=\"async\" src=\"\/\/www.memoriaestadionacional.cl\/wp-content\/plugins\/revslider\/sr6\/assets\/assets\/dummy.png\" alt=\"\" title=\"Camarin 3\" width=\"2560\" height=\"1707\" class=\"rev-slidebg tp-rs-img rs-lazyload\" data-lazyload=\"\/\/www.memoriaestadionacional.cl\/wp-content\/uploads\/2022\/11\/Camarin-3-scaled.jpg\" data-no-retina>\n<!--\n\t\t\t\t\t\t\t--><rs-layer\n\t\t\t\t\t\t\t\tid=\"slider-9-slide-10-layer-3\" \n\t\t\t\t\t\t\t\tdata-type=\"text\"\n\t\t\t\t\t\t\t\tdata-color=\"#fff\"\n\t\t\t\t\t\t\t\tdata-rsp_ch=\"on\"\n\t\t\t\t\t\t\t\tdata-xy=\"x:c;y:m;yo:53px,53px,53px,19px;\"\n\t\t\t\t\t\t\t\tdata-text=\"w:normal;s:50,50,50,19;l:60,60,60,22;ls:1px,1px,1px,0px;fw:500;\"\n\t\t\t\t\t\t\t\tdata-dim=\"minh:0px,0px,0px,none;\"\n\t\t\t\t\t\t\t\tdata-frame_999=\"o:0;st:w;\"\n\t\t\t\t\t\t\t\tstyle=\"z-index:7;font-family:'Poppins';text-transform:uppercase;\"\n\t\t\t\t\t\t\t>Pasillo y Camarines \n\t\t\t\t\t\t\t<\/rs-layer><!--\n\n\t\t\t\t\t\t\t--><rs-layer\n\t\t\t\t\t\t\t\tid=\"slider-9-slide-10-layer-4\" \n\t\t\t\t\t\t\t\tdata-type=\"text\"\n\t\t\t\t\t\t\t\tdata-color=\"#fff\"\n\t\t\t\t\t\t\t\tdata-rsp_ch=\"on\"\n\t\t\t\t\t\t\t\tdata-xy=\"x:c;y:m;yo:-33px,-33px,-33px,-12px;\"\n\t\t\t\t\t\t\t\tdata-text=\"w:normal;s:25,25,25,9;l:35,35,35,12;ls:1px,1px,1px,0px;fw:700;\"\n\t\t\t\t\t\t\t\tdata-dim=\"minh:0px,0px,0px,none;\"\n\t\t\t\t\t\t\t\tdata-frame_999=\"o:0;st:w;\"\n\t\t\t\t\t\t\t\tstyle=\"z-index:9;font-family:'Nunito';text-transform:uppercase;\"\n\t\t\t\t\t\t\t><div style=\"letter-spacing: 1px;\"><span style=\"color: #ffab00; font-size: 30px;\">[<\/span>SITIOS DE MEMORIA<span style=\"color: #ffab00; font-size: 30px;\">]<\/span<br \/>\n<\/div> \n\t\t\t\t\t\t\t<\/rs-layer><!--\n\n\t\t\t\t\t\t\t--><rs-layer\n\t\t\t\t\t\t\t\tid=\"slider-9-slide-10-layer-5\" \n\t\t\t\t\t\t\t\tdata-type=\"shape\"\n\t\t\t\t\t\t\t\tdata-rsp_ch=\"on\"\n\t\t\t\t\t\t\t\tdata-xy=\"x:c;y:m;\"\n\t\t\t\t\t\t\t\tdata-text=\"w:normal;s:20,20,20,7;l:0,0,0,9;\"\n\t\t\t\t\t\t\t\tdata-dim=\"w:180px,180px,180px,69px;h:5px,5px,5px,1px;\"\n\t\t\t\t\t\t\t\tdata-frame_999=\"o:0;st:w;\"\n\t\t\t\t\t\t\t\tstyle=\"z-index:8;background-color:#ffab00;\"\n\t\t\t\t\t\t\t> \n\t\t\t\t\t\t\t<\/rs-layer><!--\n\n\t\t\t\t\t\t\t--><rs-layer\n\t\t\t\t\t\t\t\tid=\"slider-9-slide-10-layer-6\" \n\t\t\t\t\t\t\t\tdata-type=\"shape\"\n\t\t\t\t\t\t\t\tdata-rsp_ch=\"on\"\n\t\t\t\t\t\t\t\tdata-text=\"w:normal;s:20,20,20,7;l:0,0,0,9;\"\n\t\t\t\t\t\t\t\tdata-dim=\"w:100%;h:100%;\"\n\t\t\t\t\t\t\t\tdata-basealign=\"slide\"\n\t\t\t\t\t\t\t\tdata-frame_999=\"o:0;st:w;\"\n\t\t\t\t\t\t\t\tstyle=\"z-index:6;background-color:rgba(0,0,0,0.5);\"\n\t\t\t\t\t\t\t> \n\t\t\t\t\t\t\t<\/rs-layer><!--\n-->\t\t\t\t\t<\/rs-slide>\n\t\t\t\t\t<\/rs-slides>\n\t\t\t\t<\/rs-module>\n\t\t\t\t<script>\n\t\t\t\t\tsetREVStartSize({c: 'rev_slider_9_1',rl:[1240,1240,1240,480],el:[800,800,800,480],gw:[1240,1240,1240,480],gh:[800,800,800,480],type:'standard',justify:'',layout:'fullwidth',mh:\"0\"});if (window.RS_MODULES!==undefined && window.RS_MODULES.modules!==undefined && window.RS_MODULES.modules[\"revslider91\"]!==undefined) {window.RS_MODULES.modules[\"revslider91\"].once = false;window.revapi9 = undefined;if (window.RS_MODULES.checkMinimal!==undefined) window.RS_MODULES.checkMinimal()}\n\t\t\t\t<\/script>\n\t\t\t<\/rs-module-wrap>\n\t\t\t<!-- END REVOLUTION SLIDER -->\n<\/div><\/div><\/div><\/div><\/div><div class=\"vc-row-container container\"><div class=\"vc_row wpb_row vc_row-fluid\"><div class=\"wpb_column vc_column_container vc_col-sm-12\"><div class=\"vc_column-inner\"><div class=\"wpb_wrapper\"><div class=\"vc_empty_space\"   style=\"height: 100px\"><span class=\"vc_empty_space_inner\"><\/span><\/div><\/div><\/div><\/div><\/div><\/div><div class=\"vc-row-container container\"><div class=\"vc_row wpb_row vc_row-fluid\"><div class=\"wpb_column vc_column_container vc_col-sm-12\"><div class=\"vc_column-inner\"><div class=\"wpb_wrapper\">\n\t<div class=\"wpb_text_column wpb_content_element\" >\n\t\t<div class=\"wpb_wrapper\">\n\t\t\t<p>El coliseo est\u00e1 rodeado de pasillos que llevan a los distintos sectores de camarines, donde fueron recluidos la mayor\u00eda de los detenidos. Son 28 camarines y se estima que en cada uno se manten\u00eda al menos, 100 hombres, absolutamente hacinados. Al principio, se intent\u00f3 cierta clasificaci\u00f3n de los detenidos, seg\u00fan su supuesta peligrosidad o condici\u00f3n social.<\/p>\n<p>Exist\u00eda un camar\u00edn llamado \u201cVIP\u201d, donde se encontraban recluidos dirigentes de los partidos de la Unidad Popular, acad\u00e9micos, l\u00edderes estudiantiles, pol\u00edticos y periodistas, entre otros. Uno de los camarines fue reservado para las mujeres hasta el 26 de septiembre, cuando las trasladaron a todas a la piscina. Tambi\u00e9n hubo un camar\u00edn destinado a los detenidos extranjeros, pero eventualmente quedaron repartidos en muchos lugares distintos.<\/p>\n<p>Exist\u00eda una permanente rotaci\u00f3n de lugar de reclusi\u00f3n. A menudo despu\u00e9s de un interrogatorio, el detenido era llevado de vuelta a otro camar\u00edn o escotilla. Esto causaba alarma entre sus ex compa\u00f1eros de camar\u00edn, al no saber lo que le hab\u00eda pasado.<\/p>\n<p>Los detenidos pasaban d\u00eda y noche hacinados en los camarines, apretados sobre baldosas heladas, incluso en los inmundos ba\u00f1os, inundados de desechos humanos. Las frazadas, una por cabeza, apenas amortiguaban el fr\u00edo y la humedad. Algunos detenidos relatan que juntaban sus frazadas, colocando unas en el piso y dejando otras como cubierta. Dorm\u00edan apretados, lo cual al menos generaba calor humano.<\/p>\n<p>De acuerdo con testimonios de los propios militares, hab\u00eda agentes infiltrados en todos los camarines. Cada 15 d\u00edas sacaban a sus agentes para reemplazarlos por otros, fingiendo que los llevaban a interrogatorio. A pesar de que en su momento esto no se pudo comprobar, todos los prisioneros sospechaban de una situaci\u00f3n de esta naturaleza, por lo que cuidaban lo que conversaban y tend\u00edan a socializar s\u00f3lo con sus conocidos.<\/p>\n<p>Dentro de las emotivas vivencias dentro del estadio que han sido conocidas, fue la misa celebrada en el camar\u00edn n\u00famero 3. All\u00ed, uno de los prisioneros, el sacerdote Enrique Moreno Laval, ofici\u00f3 una liturgia a sus compa\u00f1eros de reclusi\u00f3n.\u00a0 Los prisioneros recuerdan haber compartido la liturgia con conscriptos, quienes hab\u00edan sido admitidos previa consulta del sacerdote a sus compa\u00f1eros detenidos. Fue as\u00ed que quiz\u00e1 uno de los recuerdos m\u00e1s patentes de ese momento, fue cuando el religioso dividi\u00f3 un pan en peque\u00f1os trozos para entregar en la comuni\u00f3n, tanto a prisioneros como conscriptos.<\/p>\n<p>Las puertas de los camarines se cerraban con una gruesa cadena y candado desde afuera, y tambi\u00e9n se colocaba una ametralladora a la entrada, al igual que en las escotillas, cerradas entre s\u00ed con candados.<\/p>\n<p>Por las noches, pasaban militares a los camarines y escotillas para avisar qui\u00e9nes ser\u00edan interrogados al d\u00eda siguiente, pero tambi\u00e9n se hizo rutina que tanto civiles reservistas o militares fueran a buscar a detenidos para ser interrogados. Volv\u00edan horas despu\u00e9s en muy malas condiciones. A veces no regresaban, ya sea porque los hab\u00edan trasladado a otro lugar o los hab\u00edan ejecutado.<\/p>\n\n\t\t<\/div>\n\t<\/div>\n<\/div><\/div><\/div><\/div><\/div><div class=\"vc-row-container container\"><div class=\"vc_row wpb_row vc_row-fluid\"><div class=\"wpb_column vc_column_container vc_col-sm-12\"><div class=\"vc_column-inner\"><div class=\"wpb_wrapper\"><div class=\"vc_empty_space\"   style=\"height: 50px\"><span class=\"vc_empty_space_inner\"><\/span><\/div><\/div><\/div><\/div><\/div><\/div><div class=\"vc-row-container container\"><div class=\"vc_row wpb_row vc_row-fluid\"><div class=\"wpb_column vc_column_container vc_col-sm-12\"><div class=\"vc_column-inner\"><div class=\"wpb_wrapper\">\n\t<div class=\"wpb_text_column wpb_content_element\" >\n\t\t<div class=\"wpb_wrapper\">\n\t\t\t<p><span style=\"color: #808080;\"><em>The Coliseum is surrounded by corridors that lead to different sectors of dressing rooms, where most of the detainees were confined. There are 28 dressing rooms, and it is estimated that each one held more than 100 men, completely crammed together. At first, an attempt was made to classify the detainees according to their supposed danger or social status.<\/em><\/span><\/p>\n<p><span style=\"color: #808080;\"><em>There was a dressing room where leaders of the parties of the Popular Unity, academics, student leaders, politicians, and journalists were found. One dressing room was reserved for women until September 26th, when they were all transferred to the swimming pool. There was also a dressing room designated for foreign detainees, but eventually, they were distributed in many different places.<\/em><\/span><\/p>\n<p><span style=\"color: #808080;\"><em>There was a permanent rotation of detention location. Often after an interrogation, the detainee was taken back to another dressing room or hatch. This caused alarm among their former dressing room companions, not knowing what had happened to them.<\/em><\/span><\/p>\n<p><span style=\"color: #808080;\"><em>The detainees spent day and night crowded together in the dressing rooms, squeezed onto cold tiles, even in the filthy bathrooms flooded with urine and excrement, with only the ventilation of air extractors that soldiers occasionally turned on from the corridors.<\/em><\/span><\/p>\n<p><span style=\"color: #808080;\"><em>In all places, the narrow space had to be organized before the lights went out, or they had to figure out how to sleep in shifts, even in the bathrooms. The blankets, one per head, barely cushioned the cold and dampness. Some detainees decided to gather their blankets, placing some on the floor and leaving others as cover. They slept tightly together, which at least generated human warmth.<\/em><\/span><\/p>\n<p><span style=\"color: #808080;\"><em>According to testimonies from the military themselves, they had infiltrated agents in all the dressing rooms. Every 15 days, they took out their agents to replace them with others, pretending to take them for interrogation. Although this could not be proven at the time, all prisoners suspected such a situation, so they were careful about what they talked about and tended to socialize only with their acquaintances.<\/em><\/span><\/p>\n<p><span style=\"color: #808080;\"><em>One of the harsh experiences inside the stadium that has been known was the mass celebrated in dressing room number 3. There, one of the prisoners, the priest Enrique Moreno Laval, officiated a mass and divided a loaf of bread into small pieces to give in communion. The prisoners remember having shared the liturgy with conscripts after requesting permission from the priest and their fellow detainees.<\/em><\/span><\/p>\n<p><span style=\"color: #808080;\"><em>The doors of the dressing rooms were closed with a thick chain and lock from the outside, and a machine gun was also placed at the entrance, as well as in the hatches, closed together with locks.<\/em><\/span><\/p>\n<p><span style=\"color: #808080;\"><em>At night, soldiers passed through the dressing rooms and hatches to inform who would be interrogated the next day, but it also became routine for civilians (reservists) or military personnel to come and take detainees during the night to be interrogated at that moment. They returned hours later after being interrogated and tortured, in very poor condition. Sometimes they did not return, either because they had been left in another place or because they had been executed.<\/em><\/span><\/p>\n\n\t\t<\/div>\n\t<\/div>\n<\/div><\/div><\/div><\/div><\/div><div class=\"vc-row-container container\"><div class=\"vc_row wpb_row vc_row-fluid\"><div class=\"wpb_column vc_column_container vc_col-sm-12\"><div class=\"vc_column-inner\"><div class=\"wpb_wrapper\"><div class=\"vc_empty_space\"   style=\"height: 50px\"><span class=\"vc_empty_space_inner\"><\/span><\/div><div class=\"vc_btn3-container vc_btn3-center vc_do_btn\" ><a style=\"background-color:#ffab00; color:#ffffff;\" class=\"vc_general vc_btn3 vc_btn3-size-md vc_btn3-shape-square vc_btn3-style-custom\" href=\"https:\/\/www.memoriaestadionacional.cl\/sitios\/\" title=\"\">VOLVER<\/a><\/div><div class=\"vc_empty_space\"   style=\"height: 50px\"><span class=\"vc_empty_space_inner\"><\/span><\/div><\/div><\/div><\/div><\/div><\/div>\n<\/div>","protected":false},"excerpt":{"rendered":"AUDIOGU\u00cdA Pasillo y Camarines [SITIOS DE MEMORIA]","protected":false},"author":1,"featured_media":0,"parent":0,"menu_order":0,"comment_status":"closed","ping_status":"closed","template":"","meta":{"_acf_changed":false,"footnotes":""},"class_list":["post-8047","page","type-page","status-publish","hentry"],"acf":[],"aioseo_notices":[],"_links":{"self":[{"href":"https:\/\/www.memoriaestadionacional.cl\/en\/wp-json\/wp\/v2\/pages\/8047","targetHints":{"allow":["GET"]}}],"collection":[{"href":"https:\/\/www.memoriaestadionacional.cl\/en\/wp-json\/wp\/v2\/pages"}],"about":[{"href":"https:\/\/www.memoriaestadionacional.cl\/en\/wp-json\/wp\/v2\/types\/page"}],"author":[{"embeddable":true,"href":"https:\/\/www.memoriaestadionacional.cl\/en\/wp-json\/wp\/v2\/users\/1"}],"replies":[{"embeddable":true,"href":"https:\/\/www.memoriaestadionacional.cl\/en\/wp-json\/wp\/v2\/comments?post=8047"}],"version-history":[{"count":1,"href":"https:\/\/www.memoriaestadionacional.cl\/en\/wp-json\/wp\/v2\/pages\/8047\/revisions"}],"predecessor-version":[{"id":15337,"href":"https:\/\/www.memoriaestadionacional.cl\/en\/wp-json\/wp\/v2\/pages\/8047\/revisions\/15337"}],"wp:attachment":[{"href":"https:\/\/www.memoriaestadionacional.cl\/en\/wp-json\/wp\/v2\/media?parent=8047"}],"curies":[{"name":"wp","href":"https:\/\/api.w.org\/{rel}","templated":true}]}}