{"id":15413,"date":"2025-03-04T20:31:24","date_gmt":"2025-03-04T20:31:24","guid":{"rendered":"https:\/\/www.memoriaestadionacional.cl\/?page_id=15413"},"modified":"2026-04-17T14:03:49","modified_gmt":"2026-04-17T14:03:49","slug":"donaciones","status":"publish","type":"page","link":"https:\/\/www.memoriaestadionacional.cl\/en\/donaciones\/","title":{"rendered":"Donaciones"},"content":{"rendered":"<div class=\"wpb-content-wrapper\"><div class=\"vc-row-container container\"><div class=\"vc_row wpb_row vc_row-fluid vc_custom_1744722944674\"><div class=\"wpb_column vc_column_container vc_col-sm-12\"><div class=\"vc_column-inner\"><div class=\"wpb_wrapper\">\n\t\t\t<!-- START Donaciones REVOLUTION SLIDER 6.7.41 --><p class=\"rs-p-wp-fix\"><\/p>\n\t\t\t<rs-module-wrap id=\"rev_slider_71_1_wrapper\" data-source=\"gallery\" style=\"visibility:hidden;background:transparent;padding:0;margin:0px auto;margin-top:0;margin-bottom:0;\">\n\t\t\t\t<rs-module id=\"rev_slider_71_1\" style=\"\" data-version=\"6.7.41\">\n\t\t\t\t\t<rs-slides style=\"overflow: hidden; position: absolute;\">\n\t\t\t\t\t\t<rs-slide style=\"position: absolute;\" data-key=\"rs-1045\" data-title=\"Slide\" data-in=\"o:0;\" data-out=\"a:false;\">\n\t\t\t\t\t\t\t<img decoding=\"async\" src=\"\/\/www.memoriaestadionacional.cl\/wp-content\/plugins\/revslider\/sr6\/assets\/assets\/dummy.png\" alt=\"\" title=\"graderia\" width=\"1080\" height=\"608\" class=\"rev-slidebg tp-rs-img rs-lazyload\" data-lazyload=\"\/\/www.memoriaestadionacional.cl\/wp-content\/uploads\/2022\/11\/graderia.jpg\" data-bg=\"p:0% 30%;\" data-no-retina>\n<!--\n\t\t\t\t\t\t\t--><rs-layer\n\t\t\t\t\t\t\t\tid=\"slider-71-slide-1045-layer-0\" \n\t\t\t\t\t\t\t\tdata-type=\"text\"\n\t\t\t\t\t\t\t\tdata-color=\"#fff\"\n\t\t\t\t\t\t\t\tdata-rsp_ch=\"on\"\n\t\t\t\t\t\t\t\tdata-xy=\"x:c;y:m;yo:60px,60px,60px,0;\"\n\t\t\t\t\t\t\t\tdata-text=\"w:normal;s:16,16,16,20;l:26,26,26,36;a:center;\"\n\t\t\t\t\t\t\t\tdata-dim=\"w:80%,80%,80%,70%;minh:0px,0px,0px,none;\"\n\t\t\t\t\t\t\t\tdata-frame_999=\"o:0;st:w;\"\n\t\t\t\t\t\t\t\tstyle=\"z-index:8;font-family:'Roboto';\"\n\t\t\t\t\t\t\t>Ay\u00fadanos a fortalecer la promoci\u00f3n de los derechos humanos y preservaci\u00f3n de la memoria hist\u00f3rica en los Sitios de Memoria del Estadio Nacional. Los aportes deben ser sin mayores exigencias, s\u00f3lo de acuerdo al alcance de cada persona \n\t\t\t\t\t\t\t<\/rs-layer><!--\n\n\t\t\t\t\t\t\t--><rs-layer\n\t\t\t\t\t\t\t\tid=\"slider-71-slide-1045-layer-3\" \n\t\t\t\t\t\t\t\tdata-type=\"text\"\n\t\t\t\t\t\t\t\tdata-color=\"#fff\"\n\t\t\t\t\t\t\t\tdata-rsp_ch=\"on\"\n\t\t\t\t\t\t\t\tdata-xy=\"x:c;y:m;yo:-60px,-60px,-60px,-190px;\"\n\t\t\t\t\t\t\t\tdata-text=\"w:normal;s:50,50,50,32;l:60,60,60,36;ls:1px,1px,1px,0px;fw:500;a:left,left,left,center;\"\n\t\t\t\t\t\t\t\tdata-dim=\"minh:0px,0px,0px,none;\"\n\t\t\t\t\t\t\t\tdata-frame_999=\"o:0;st:w;\"\n\t\t\t\t\t\t\t\tstyle=\"z-index:7;font-family:'Roboto';text-transform:uppercase;\"\n\t\t\t\t\t\t\t>DONACIONES \n\t\t\t\t\t\t\t<\/rs-layer><!--\n\n\t\t\t\t\t\t\t--><rs-layer\n\t\t\t\t\t\t\t\tid=\"slider-71-slide-1045-layer-5\" \n\t\t\t\t\t\t\t\tdata-type=\"shape\"\n\t\t\t\t\t\t\t\tdata-rsp_ch=\"on\"\n\t\t\t\t\t\t\t\tdata-xy=\"x:c;y:m;yo:-10px,-10px,-10px,-160px;\"\n\t\t\t\t\t\t\t\tdata-text=\"w:normal;s:20,20,20,7;l:0,0,0,9;\"\n\t\t\t\t\t\t\t\tdata-dim=\"w:180px,180px,180px,69px;h:5px,5px,5px,1px;\"\n\t\t\t\t\t\t\t\tdata-frame_999=\"o:0;st:w;\"\n\t\t\t\t\t\t\t\tstyle=\"z-index:9;background-color:#ffab00;\"\n\t\t\t\t\t\t\t> \n\t\t\t\t\t\t\t<\/rs-layer><!--\n\n\t\t\t\t\t\t\t--><rs-layer\n\t\t\t\t\t\t\t\tid=\"slider-71-slide-1045-layer-6\" \n\t\t\t\t\t\t\t\tdata-type=\"shape\"\n\t\t\t\t\t\t\t\tdata-rsp_ch=\"on\"\n\t\t\t\t\t\t\t\tdata-text=\"w:normal;s:20,20,20,7;l:0,0,0,9;\"\n\t\t\t\t\t\t\t\tdata-dim=\"w:100%;h:100%;\"\n\t\t\t\t\t\t\t\tdata-basealign=\"slide\"\n\t\t\t\t\t\t\t\tdata-frame_999=\"o:0;st:w;\"\n\t\t\t\t\t\t\t\tstyle=\"z-index:6;background-color:rgba(0,0,0,0.5);\"\n\t\t\t\t\t\t\t> \n\t\t\t\t\t\t\t<\/rs-layer><!--\n-->\t\t\t\t\t<\/rs-slide>\n\t\t\t\t\t<\/rs-slides>\n\t\t\t\t<\/rs-module>\n\t\t\t\t<script>\n\t\t\t\t\tsetREVStartSize({c: 'rev_slider_71_1',rl:[1240,1240,1240,480],el:[400,400,400,480],gw:[1240,1240,1240,480],gh:[400,400,400,480],type:'hero',justify:'',layout:'fullwidth',mh:\"0\"});if (window.RS_MODULES!==undefined && window.RS_MODULES.modules!==undefined && window.RS_MODULES.modules[\"revslider711\"]!==undefined) {window.RS_MODULES.modules[\"revslider711\"].once = false;window.revapi71 = undefined;if (window.RS_MODULES.checkMinimal!==undefined) window.RS_MODULES.checkMinimal()}\n\t\t\t\t<\/script>\n\t\t\t<\/rs-module-wrap>\n\t\t\t<!-- END REVOLUTION SLIDER -->\n<\/div><\/div><\/div><\/div><\/div><div class=\"vc-row-container container\"><div class=\"vc_row wpb_row vc_row-fluid vc_custom_1744723133482 vc_column-gap-35\"><div class=\"wpb_column vc_column_container vc_col-sm-6\"><div class=\"vc_column-inner\"><div class=\"wpb_wrapper\"><h4 style=\"text-align: center\" class=\"vc_custom_heading vc_do_custom_heading\" >Si tienes cuenta en Banco Estado<\/h4><div class=\"vc_empty_space\"   style=\"height: 35px\"><span class=\"vc_empty_space_inner\"><\/span><\/div>\n\t<div class=\"wpb_text_column wpb_content_element\" >\n\t\t<div class=\"wpb_wrapper\">\n\t\t\t<p style=\"text-align: center;\">Si tienes cuenta en Banco Estado, puedes hacer tu donaci\u00f3n a trav\u00e9s del siguiente formulario:<\/p>\n\n\t\t<\/div>\n\t<\/div>\n<div class=\"vc_row wpb_row vc_inner vc_row-fluid\"><div class=\"wpb_column vc_column_container vc_col-sm-12\"><div class=\"vc_column-inner\"><div class=\"wpb_wrapper\">\n\t<div class=\"wpb_text_column wpb_content_element\" >\n\t\t<div class=\"wpb_wrapper\">\n\t\t\t        <div class=\"container-donacion\" data-be-institute-id=\"0060\">\n            <img decoding=\"async\"\n                class=\"bucle-donaciones__logo\"\n                src=\"https:\/\/www.bancoestado.cl\/imagenes\/_img\/logo-banco-estado.jpg\"\n                alt=\"BancoEstado\"\n                title=\"BancoEstado\"\n            \/>\n\n            <h3 class=\"bucle-donaciones__title\">Ingresa el monto de <br>su donaci\u00f3n<\/h3>\n\n            <input\n                type=\"text\"\n                id=\"monto\"\n                name=\"monto\"\n                value=\"\"\n                placeholder=\"Ingresar Donaci\u00f3n\"\n                inputmode=\"numeric\"\n                autocomplete=\"off\"\n            \/>\n\n            <button type=\"button\" id=\"boton-donar\" class=\"be-donar-btn\">DONAR<\/button>\n        <\/div>\n        \n\n\t\t<\/div>\n\t<\/div>\n<\/div><\/div><\/div><\/div><\/div><\/div><\/div><div class=\"wpb_column vc_column_container vc_col-sm-6\"><div class=\"vc_column-inner\"><div class=\"wpb_wrapper\"><h4 style=\"text-align: center\" class=\"vc_custom_heading vc_do_custom_heading\" >Si tienes cuenta en otros bancos<\/h4><div class=\"vc_empty_space\"   style=\"height: 35px\"><span class=\"vc_empty_space_inner\"><\/span><\/div>\n\t<div class=\"wpb_text_column wpb_content_element\" >\n\t\t<div class=\"wpb_wrapper\">\n\t\t\t<p style=\"text-align: center;\">Si tienes cuenta en otros bancos, puedes hacer tu donaci\u00f3n a trav\u00e9s de una transferencia electr\u00f3nica. Te dejamos los datos:<\/p>\n\n\t\t<\/div>\n\t<\/div>\n<div class=\"vc_row wpb_row vc_inner vc_row-fluid vc_custom_1744722842773 vc_row-has-fill\"><div class=\"wpb_column vc_column_container vc_col-sm-12\"><div class=\"vc_column-inner\"><div class=\"wpb_wrapper\"><h4 style=\"font-size: 16px;line-height: 1.6;text-align: center\" class=\"vc_custom_heading vc_do_custom_heading\" >Nombre: Corporaci\u00f3n Estadio Nacional Memoria Nacional Ex PP<br \/>\nRut: 65.077.174-5<br \/>\nCuenta: Corriente<br \/>\nBanco: Banco Estado<br \/>\nN\u00ba: 100131374<br \/>\nMail: tesorero@enmn.cl<\/h4><div class=\"vc_empty_space\"   style=\"height: 40px\"><span class=\"vc_empty_space_inner\"><\/span><\/div>\n\t<div class=\"wpb_raw_code wpb_raw_html wpb_content_element\" >\n\t\t<div class=\"wpb_wrapper\">\n\t\t\t<div style=\"text-align: center;\">\n  <button id=\"botonCopiar\" class=\"boton-donar\" onclick=\"copiarConFeedback()\">Copiar datos<\/button>\n<\/div>\n\n<style>\n.boton-donar {\n  background-color: #cd8b3e;\n  color: white;\n  font-size: 16px;\n  font-family: sans-serif;\n  padding: 12px 24px;\n  border: none;\n  border-radius: 8px;\n  cursor: pointer;\n  transition: background-color 0.3s ease;\n  display: inline-block;\n  text-align: center;\n  max-width: 90%;\n  width: auto;\n}\n.boton-donar:hover {\n  background-color: #b87630;\n}\n<\/style>\n\n<script>\nfunction copiarConFeedback() {\n  const texto = `Nombre: Corporaci\u00f3n Estadio Nacional Memoria Nacional Ex PP\nRut: 65.077.174-5\nBanco: Banco Estado\nCuenta: Corriente\nN\u00ba: 100129442\nMail: tesorero@enmn.cl`;\n\n  navigator.clipboard.writeText(texto).then(() => {\n    const btn = document.getElementById(\"botonCopiar\");\n    const original = btn.innerText;\n    btn.innerText = \"\u00a1Copiado!\";\n    setTimeout(() => btn.innerText = original, 2000);\n  });\n}\n<\/script>\n\t\t<\/div>\n\t<\/div>\n<\/div><\/div><\/div><\/div><\/div><\/div><\/div><\/div><\/div>\n<\/div>","protected":false},"excerpt":{"rendered":"Ay\u00fadanos a fortalecer la promoci\u00f3n de los derechos humanos y preservaci\u00f3n de la memoria hist\u00f3rica en los Sitios de Memoria del Estadio Nacional. Los aportes deben ser sin mayores exigencias, s\u00f3lo de acuerdo al alcance de cada persona DONACIONES Si tienes cuenta en Banco Estado Si tienes cuenta en Banco Estado, puedes hacer tu donaci\u00f3n&hellip;","protected":false},"author":1,"featured_media":0,"parent":0,"menu_order":0,"comment_status":"closed","ping_status":"closed","template":"","meta":{"_acf_changed":false,"footnotes":""},"class_list":["post-15413","page","type-page","status-publish","hentry"],"acf":[],"aioseo_notices":[],"_links":{"self":[{"href":"https:\/\/www.memoriaestadionacional.cl\/en\/wp-json\/wp\/v2\/pages\/15413","targetHints":{"allow":["GET"]}}],"collection":[{"href":"https:\/\/www.memoriaestadionacional.cl\/en\/wp-json\/wp\/v2\/pages"}],"about":[{"href":"https:\/\/www.memoriaestadionacional.cl\/en\/wp-json\/wp\/v2\/types\/page"}],"author":[{"embeddable":true,"href":"https:\/\/www.memoriaestadionacional.cl\/en\/wp-json\/wp\/v2\/users\/1"}],"replies":[{"embeddable":true,"href":"https:\/\/www.memoriaestadionacional.cl\/en\/wp-json\/wp\/v2\/comments?post=15413"}],"version-history":[{"count":10,"href":"https:\/\/www.memoriaestadionacional.cl\/en\/wp-json\/wp\/v2\/pages\/15413\/revisions"}],"predecessor-version":[{"id":16287,"href":"https:\/\/www.memoriaestadionacional.cl\/en\/wp-json\/wp\/v2\/pages\/15413\/revisions\/16287"}],"wp:attachment":[{"href":"https:\/\/www.memoriaestadionacional.cl\/en\/wp-json\/wp\/v2\/media?parent=15413"}],"curies":[{"name":"wp","href":"https:\/\/api.w.org\/{rel}","templated":true}]}}